{"id":16933,"date":"2024-07-19T09:52:12","date_gmt":"2024-07-19T07:52:12","guid":{"rendered":"https:\/\/www.nudukaestilisme.cat\/?page_id=16933"},"modified":"2024-07-19T10:02:58","modified_gmt":"2024-07-19T08:02:58","slug":"asesoria-de-imagen","status":"publish","type":"page","link":"https:\/\/www.nudukaestilisme.cat\/es\/asesoria-de-imagen\/","title":{"rendered":"Asesor\u00eda de imagen"},"content":{"rendered":"\t\t<div data-elementor-type=\"wp-page\" data-elementor-id=\"16933\" class=\"elementor elementor-16933\" data-elementor-settings=\"{&quot;ha_cmc_init_switcher&quot;:&quot;no&quot;}\" data-elementor-post-type=\"page\">\n\t\t\t\t\t\t<section class=\"elementor-section elementor-top-section elementor-element elementor-element-fcc42cc elementor-section-height-min-height elementor-section-boxed elementor-section-height-default elementor-section-items-middle wpr-particle-no wpr-jarallax-no wpr-parallax-no wpr-sticky-section-no wpr-equal-height-no mkdf-parallax-row-no mkdf-content-aligment-left mkdf-elementor-row-grid-no mkdf-disabled-bg-image-bellow-no\" data-id=\"fcc42cc\" data-element_type=\"section\" data-e-type=\"section\" data-settings=\"{&quot;background_background&quot;:&quot;classic&quot;,&quot;_ha_eqh_enable&quot;:false}\">\n\t\t\t\t\t\t<div class=\"elementor-container elementor-column-gap-default\">\n\t\t\t\t\t<div class=\"elementor-column elementor-col-100 elementor-top-column elementor-element elementor-element-340b7d4\" data-id=\"340b7d4\" data-element_type=\"column\" data-e-type=\"column\">\n\t\t\t<div class=\"elementor-widget-wrap\">\n\t\t\t\t\t\t\t<\/div>\n\t\t<\/div>\n\t\t\t\t\t<\/div>\n\t\t<\/section>\n\t\t\t\t<section class=\"elementor-section elementor-top-section elementor-element elementor-element-860895a elementor-section-boxed elementor-section-height-default elementor-section-height-default wpr-particle-no wpr-jarallax-no wpr-parallax-no wpr-sticky-section-no wpr-equal-height-no mkdf-parallax-row-no mkdf-content-aligment-left mkdf-elementor-row-grid-no mkdf-disabled-bg-image-bellow-no\" data-id=\"860895a\" data-element_type=\"section\" data-e-type=\"section\" data-settings=\"{&quot;_ha_eqh_enable&quot;:false}\">\n\t\t\t\t\t\t<div class=\"elementor-container elementor-column-gap-default\">\n\t\t\t\t\t<div class=\"elementor-column elementor-col-100 elementor-top-column elementor-element elementor-element-c2835ec\" data-id=\"c2835ec\" data-element_type=\"column\" data-e-type=\"column\">\n\t\t\t<div class=\"elementor-widget-wrap elementor-element-populated\">\n\t\t\t\t\t\t<div class=\"elementor-element elementor-element-a592450 elementor-widget elementor-widget-spacer\" data-id=\"a592450\" data-element_type=\"widget\" data-e-type=\"widget\" data-widget_type=\"spacer.default\">\n\t\t\t\t<div class=\"elementor-widget-container\">\n\t\t\t\t\t\t\t<div class=\"elementor-spacer\">\n\t\t\t<div class=\"elementor-spacer-inner\"><\/div>\n\t\t<\/div>\n\t\t\t\t\t\t<\/div>\n\t\t\t\t<\/div>\n\t\t\t\t<div class=\"elementor-element elementor-element-2f790b4 elementor-widget elementor-widget-heading\" data-id=\"2f790b4\" data-element_type=\"widget\" data-e-type=\"widget\" data-widget_type=\"heading.default\">\n\t\t\t\t<div class=\"elementor-widget-container\">\n\t\t\t\t\t<p class=\"elementor-heading-title elementor-size-default\">Asesor\u00eda de imagen personal y visagismo <\/p>\t\t\t\t<\/div>\n\t\t\t\t<\/div>\n\t\t\t\t<div class=\"elementor-element elementor-element-620c04c elementor-widget elementor-widget-heading\" data-id=\"620c04c\" data-element_type=\"widget\" data-e-type=\"widget\" data-widget_type=\"heading.default\">\n\t\t\t\t<div class=\"elementor-widget-container\">\n\t\t\t\t\t<p class=\"elementor-heading-title elementor-size-default\">Luce tu mejor imagen y d\u00e9jate asesorar por nuestro equipo de estilistas de Girona<\/p>\t\t\t\t<\/div>\n\t\t\t\t<\/div>\n\t\t\t\t<div class=\"elementor-element elementor-element-ed1f398 elementor-widget elementor-widget-text-editor\" data-id=\"ed1f398\" data-element_type=\"widget\" data-e-type=\"widget\" data-widget_type=\"text-editor.default\">\n\t\t\t\t<div class=\"elementor-widget-container\">\n\t\t\t\t\t\t\t\t\t<p>Nuduka te ofrece este servicio de\u00a0<strong>asesor\u00eda de imagen personal innovador<\/strong>, que tiene como objetivo corregir y realzar el atractivo de tu rostro con la ayuda del maquillaje, el corte de pelo, el peinado y el color a partir de un estudio profesional sobre la forma, el volumen y las l\u00edneas faciales.<\/p><p>De esta manera, buscamos y hacemos aflorar la imagen que mejor se adapta a tu fisonom\u00eda. Tu aspecto ser\u00e1 m\u00e1s atractivo y no depender\u00e1 de ef\u00edmeras modas o tendencias.<\/p><p>Al final del proceso, te entregaremos un dossier con el estudio, las t\u00e9cnicas y las conclusiones resultantes, y t\u00fa mismo\/a te lo podr\u00e1s aplicar para lucir el atractivo que siempre has tenido.<\/p>\t\t\t\t\t\t\t\t<\/div>\n\t\t\t\t<\/div>\n\t\t\t\t<div class=\"elementor-element elementor-element-ce59b58 elementor-widget elementor-widget-spacer\" data-id=\"ce59b58\" data-element_type=\"widget\" data-e-type=\"widget\" data-widget_type=\"spacer.default\">\n\t\t\t\t<div class=\"elementor-widget-container\">\n\t\t\t\t\t\t\t<div class=\"elementor-spacer\">\n\t\t\t<div class=\"elementor-spacer-inner\"><\/div>\n\t\t<\/div>\n\t\t\t\t\t\t<\/div>\n\t\t\t\t<\/div>\n\t\t\t\t\t<\/div>\n\t\t<\/div>\n\t\t\t\t\t<\/div>\n\t\t<\/section>\n\t\t\t\t<\/div>\n\t\t","protected":false},"excerpt":{"rendered":"<p>Asesor\u00eda de imagen personal y visagismo Luce tu mejor imagen y d\u00e9jate asesorar por nuestro equipo de estilistas de Girona Nuduka te ofrece este servicio de\u00a0asesor\u00eda de imagen personal innovador, que tiene como objetivo corregir y realzar el atractivo de<\/p>\n","protected":false},"author":3,"featured_media":0,"parent":0,"menu_order":0,"comment_status":"closed","ping_status":"closed","template":"elementor_header_footer","meta":{"footnotes":""},"class_list":["post-16933","page","type-page","status-publish","hentry"],"jetpack_shortlink":"https:\/\/wp.me\/PaIq8x-4p7","jetpack_sharing_enabled":true,"_links":{"self":[{"href":"https:\/\/www.nudukaestilisme.cat\/es\/wp-json\/wp\/v2\/pages\/16933","targetHints":{"allow":["GET"]}}],"collection":[{"href":"https:\/\/www.nudukaestilisme.cat\/es\/wp-json\/wp\/v2\/pages"}],"about":[{"href":"https:\/\/www.nudukaestilisme.cat\/es\/wp-json\/wp\/v2\/types\/page"}],"author":[{"embeddable":true,"href":"https:\/\/www.nudukaestilisme.cat\/es\/wp-json\/wp\/v2\/users\/3"}],"replies":[{"embeddable":true,"href":"https:\/\/www.nudukaestilisme.cat\/es\/wp-json\/wp\/v2\/comments?post=16933"}],"version-history":[{"count":0,"href":"https:\/\/www.nudukaestilisme.cat\/es\/wp-json\/wp\/v2\/pages\/16933\/revisions"}],"wp:attachment":[{"href":"https:\/\/www.nudukaestilisme.cat\/es\/wp-json\/wp\/v2\/media?parent=16933"}],"curies":[{"name":"wp","href":"https:\/\/api.w.org\/{rel}","templated":true}]}}