{"id":18970,"date":"2024-10-03T09:27:01","date_gmt":"2024-10-03T07:27:01","guid":{"rendered":"https:\/\/www.nudukaestilisme.cat\/sobre-nuduka-in-es\/"},"modified":"2024-10-31T09:14:31","modified_gmt":"2024-10-31T08:14:31","slug":"sobre-nuduka-in-es","status":"publish","type":"page","link":"https:\/\/www.nudukaestilisme.cat\/es\/sobre-nuduka-in-es\/","title":{"rendered":"Sobre Nuduka In Es"},"content":{"rendered":"\t\t<div data-elementor-type=\"wp-page\" data-elementor-id=\"18970\" class=\"elementor elementor-18970 elementor-18859\" data-elementor-settings=\"{&quot;ha_cmc_init_switcher&quot;:&quot;no&quot;}\" data-elementor-post-type=\"page\">\n\t\t\t\t<div class=\"elementor-element elementor-element-5709609d e-con-full e-flex wpr-particle-no wpr-jarallax-no wpr-parallax-no wpr-sticky-section-no wpr-equal-height-no e-con e-parent\" data-id=\"5709609d\" data-element_type=\"container\" data-e-type=\"container\" data-settings=\"{&quot;background_background&quot;:&quot;classic&quot;,&quot;_ha_eqh_enable&quot;:false}\">\n\t\t\t\t<\/div>\n\t\t<div class=\"elementor-element elementor-element-702e2ce e-flex e-con-boxed wpr-particle-no wpr-jarallax-no wpr-parallax-no wpr-sticky-section-no wpr-equal-height-no e-con e-parent\" data-id=\"702e2ce\" data-element_type=\"container\" data-e-type=\"container\" data-settings=\"{&quot;_ha_eqh_enable&quot;:false}\">\n\t\t\t\t\t<div class=\"e-con-inner\">\n\t\t<div class=\"elementor-element elementor-element-e9e907e e-con-full e-flex wpr-particle-no wpr-jarallax-no wpr-parallax-no wpr-sticky-section-no wpr-equal-height-no e-con e-child\" data-id=\"e9e907e\" data-element_type=\"container\" data-e-type=\"container\" data-settings=\"{&quot;_ha_eqh_enable&quot;:false}\">\n\t\t<div class=\"elementor-element elementor-element-9d87660 e-con-full e-flex wpr-particle-no wpr-jarallax-no wpr-parallax-no wpr-sticky-section-no wpr-equal-height-no e-con e-child\" data-id=\"9d87660\" data-element_type=\"container\" data-e-type=\"container\" data-settings=\"{&quot;_ha_eqh_enable&quot;:false}\">\n\t\t\t\t<div class=\"elementor-element elementor-element-112a6cc elementor-widget elementor-widget-spacer\" data-id=\"112a6cc\" data-element_type=\"widget\" data-e-type=\"widget\" data-widget_type=\"spacer.default\">\n\t\t\t\t<div class=\"elementor-widget-container\">\n\t\t\t\t\t\t\t<div class=\"elementor-spacer\">\n\t\t\t<div class=\"elementor-spacer-inner\"><\/div>\n\t\t<\/div>\n\t\t\t\t\t\t<\/div>\n\t\t\t\t<\/div>\n\t\t\t\t<div class=\"elementor-element elementor-element-5b4dc5a elementor-widget elementor-widget-heading\" data-id=\"5b4dc5a\" data-element_type=\"widget\" data-e-type=\"widget\" data-widget_type=\"heading.default\">\n\t\t\t\t<div class=\"elementor-widget-container\">\n\t\t\t\t\t<p class=\"elementor-heading-title elementor-size-default\">Moda, complementos y servicio de pelucas y postizos<\/p>\t\t\t\t<\/div>\n\t\t\t\t<\/div>\n\t\t\t\t<div class=\"elementor-element elementor-element-3d62dae elementor-widget elementor-widget-heading\" data-id=\"3d62dae\" data-element_type=\"widget\" data-e-type=\"widget\" data-widget_type=\"heading.default\">\n\t\t\t\t<div class=\"elementor-widget-container\">\n\t\t\t\t\t<h4 class=\"elementor-heading-title elementor-size-default\">En Nuduka In ofrecemos un servicio completo de estilismo e imagen personal.<\/h4>\t\t\t\t<\/div>\n\t\t\t\t<\/div>\n\t\t\t\t<div class=\"elementor-element elementor-element-0b357ed elementor-widget elementor-widget-text-editor\" data-id=\"0b357ed\" data-element_type=\"widget\" data-e-type=\"widget\" data-widget_type=\"text-editor.default\">\n\t\t\t\t<div class=\"elementor-widget-container\">\n\t\t\t\t\t\t\t\t\t<p>Adem\u00e1s de nuestros servicios de peluquer\u00eda, maquillaje, visajismo y est\u00e9tica oncol\u00f3gica, contamos con una exclusiva selecci\u00f3n de vestuario y complementos de marcas reconocidas.<\/p>\n<p>Con nuestro asesoramiento profesional, adaptamos las propuestas de estilo a tu morfolog\u00eda, personalidad y necesidades, seleccionando los colores, texturas y formas que m\u00e1s te favorecen. Tambi\u00e9n te ofrecemos el peinado, corte de pelo y maquillaje que mejor potencian tu imagen.<\/p>\n<p>Trabajamos para asegurar que proyectes la mejor versi\u00f3n de ti mismo, cuidando todos los detalles para conseguir una imagen coherente y aut\u00e9ntica.<\/p>\n<p>Tambi\u00e9n disponemos de servicios de dise\u00f1o personalizado de pelucas y postizos, adaptados a las necesidades de cada cliente.<\/p>\n\t\t\t\t\t\t\t\t<\/div>\n\t\t\t\t<\/div>\n\t\t\t\t<div class=\"elementor-element elementor-element-e64a13a elementor-widget elementor-widget-spacer\" data-id=\"e64a13a\" data-element_type=\"widget\" data-e-type=\"widget\" data-widget_type=\"spacer.default\">\n\t\t\t\t<div class=\"elementor-widget-container\">\n\t\t\t\t\t\t\t<div class=\"elementor-spacer\">\n\t\t\t<div class=\"elementor-spacer-inner\"><\/div>\n\t\t<\/div>\n\t\t\t\t\t\t<\/div>\n\t\t\t\t<\/div>\n\t\t\t\t<\/div>\n\t\t\t\t<\/div>\n\t\t\t\t\t<\/div>\n\t\t\t\t<\/div>\n\t\t\t\t<\/div>\n\t\t","protected":false},"excerpt":{"rendered":"<p>Moda, complementos y servicio de pelucas y postizos En Nuduka In ofrecemos un servicio completo de estilismo e imagen personal. Adem\u00e1s de nuestros servicios de peluquer\u00eda, maquillaje, visajismo y est\u00e9tica oncol\u00f3gica, contamos con una exclusiva selecci\u00f3n de vestuario y complementos<\/p>\n","protected":false},"author":3,"featured_media":0,"parent":0,"menu_order":0,"comment_status":"closed","ping_status":"closed","template":"elementor_header_footer","meta":{"footnotes":""},"class_list":["post-18970","page","type-page","status-publish","hentry"],"jetpack_shortlink":"https:\/\/wp.me\/PaIq8x-4VY","jetpack_sharing_enabled":true,"_links":{"self":[{"href":"https:\/\/www.nudukaestilisme.cat\/es\/wp-json\/wp\/v2\/pages\/18970","targetHints":{"allow":["GET"]}}],"collection":[{"href":"https:\/\/www.nudukaestilisme.cat\/es\/wp-json\/wp\/v2\/pages"}],"about":[{"href":"https:\/\/www.nudukaestilisme.cat\/es\/wp-json\/wp\/v2\/types\/page"}],"author":[{"embeddable":true,"href":"https:\/\/www.nudukaestilisme.cat\/es\/wp-json\/wp\/v2\/users\/3"}],"replies":[{"embeddable":true,"href":"https:\/\/www.nudukaestilisme.cat\/es\/wp-json\/wp\/v2\/comments?post=18970"}],"version-history":[{"count":0,"href":"https:\/\/www.nudukaestilisme.cat\/es\/wp-json\/wp\/v2\/pages\/18970\/revisions"}],"wp:attachment":[{"href":"https:\/\/www.nudukaestilisme.cat\/es\/wp-json\/wp\/v2\/media?parent=18970"}],"curies":[{"name":"wp","href":"https:\/\/api.w.org\/{rel}","templated":true}]}}